{"id":4929,"date":"2025-03-19T14:38:33","date_gmt":"2025-03-19T14:38:33","guid":{"rendered":"https:\/\/www.vulcanrefractories.com\/?page_id=4929"},"modified":"2025-03-19T14:38:33","modified_gmt":"2025-03-19T14:38:33","slug":"sante-et-securite-chez-vulcan-refractories","status":"publish","type":"page","link":"https:\/\/www.vulcanrefractories.com\/fr\/about-vulcan\/sante-et-securite-chez-vulcan-refractories\/","title":{"rendered":"Sant\u00e9 et s\u00e9curit\u00e9 chez Vulcan Refractories"},"content":{"rendered":"","protected":false},"excerpt":{"rendered":"","protected":false},"author":1,"featured_media":4988,"parent":1463,"menu_order":56,"comment_status":"closed","ping_status":"closed","template":"","meta":{"_acf_changed":false},"class_list":["post-4929","page","type-page","status-publish","has-post-thumbnail","hentry"],"acf":[],"yoast_head":"<!-- This site is optimized with the Yoast SEO plugin v27.3 - https:\/\/yoast.com\/product\/yoast-seo-wordpress\/ -->\n<title>Sant\u00e9 et s\u00e9curit\u00e9 chez Vulcan Refractories | Vulcan Refractories<\/title>\n<meta name=\"description\" content=\"Shop the range of high-performance refractory materials we supply here at Vulcan Refractories. Explore our Sant\u00e9 et s\u00e9curit\u00e9 chez Vulcan Refractories page further...\" \/>\n<meta name=\"robots\" content=\"index, follow, max-snippet:-1, max-image-preview:large, max-video-preview:-1\" \/>\n<link rel=\"canonical\" href=\"https:\/\/www.vulcanrefractories.com\/fr\/about-vulcan\/sante-et-securite-chez-vulcan-refractories\/\" \/>\n<meta property=\"og:locale\" content=\"fr_FR\" \/>\n<meta property=\"og:type\" content=\"article\" \/>\n<meta property=\"og:title\" content=\"Sant\u00e9 et s\u00e9curit\u00e9 chez Vulcan Refractories | Vulcan Refractories\" \/>\n<meta property=\"og:description\" content=\"Shop the range of high-performance refractory materials we supply here at Vulcan Refractories. Explore our Sant\u00e9 et s\u00e9curit\u00e9 chez Vulcan Refractories page further...\" \/>\n<meta property=\"og:url\" content=\"https:\/\/www.vulcanrefractories.com\/fr\/about-vulcan\/sante-et-securite-chez-vulcan-refractories\/\" \/>\n<meta property=\"og:site_name\" content=\"Vulcan Refractories\" \/>\n<meta property=\"og:image\" content=\"https:\/\/www.vulcanrefractories.com\/wp-content\/uploads\/2025\/03\/20241216_075339-scaled.jpg\" \/>\n\t<meta property=\"og:image:width\" content=\"1920\" \/>\n\t<meta property=\"og:image:height\" content=\"2560\" \/>\n\t<meta property=\"og:image:type\" content=\"image\/jpeg\" \/>\n<meta name=\"twitter:card\" content=\"summary_large_image\" \/>\n<meta name=\"twitter:label1\" content=\"Dur\u00e9e de lecture estim\u00e9e\" \/>\n\t<meta name=\"twitter:data1\" content=\"2 minutes\" \/>\n<script type=\"application\/ld+json\" class=\"yoast-schema-graph\">{\"@context\":\"https:\\\/\\\/schema.org\",\"@graph\":[{\"@type\":\"WebPage\",\"@id\":\"https:\\\/\\\/www.vulcanrefractories.com\\\/fr\\\/about-vulcan\\\/sante-et-securite-chez-vulcan-refractories\\\/\",\"url\":\"https:\\\/\\\/www.vulcanrefractories.com\\\/fr\\\/about-vulcan\\\/sante-et-securite-chez-vulcan-refractories\\\/\",\"name\":\"Sant\u00e9 et s\u00e9curit\u00e9 chez Vulcan Refractories | Vulcan Refractories\",\"isPartOf\":{\"@id\":\"https:\\\/\\\/www.vulcanrefractories.com\\\/fr\\\/#website\"},\"primaryImageOfPage\":{\"@id\":\"https:\\\/\\\/www.vulcanrefractories.com\\\/fr\\\/about-vulcan\\\/sante-et-securite-chez-vulcan-refractories\\\/#primaryimage\"},\"image\":{\"@id\":\"https:\\\/\\\/www.vulcanrefractories.com\\\/fr\\\/about-vulcan\\\/sante-et-securite-chez-vulcan-refractories\\\/#primaryimage\"},\"thumbnailUrl\":\"https:\\\/\\\/www.vulcanrefractories.com\\\/wp-content\\\/uploads\\\/2025\\\/03\\\/20241216_075339-scaled.jpg\",\"datePublished\":\"2025-03-19T14:38:33+00:00\",\"description\":\"Shop the range of high-performance refractory materials we supply here at Vulcan Refractories. Explore our Sant\u00e9 et s\u00e9curit\u00e9 chez Vulcan Refractories page further...\",\"breadcrumb\":{\"@id\":\"https:\\\/\\\/www.vulcanrefractories.com\\\/fr\\\/about-vulcan\\\/sante-et-securite-chez-vulcan-refractories\\\/#breadcrumb\"},\"inLanguage\":\"fr-FR\",\"potentialAction\":[{\"@type\":\"ReadAction\",\"target\":[\"https:\\\/\\\/www.vulcanrefractories.com\\\/fr\\\/about-vulcan\\\/sante-et-securite-chez-vulcan-refractories\\\/\"]}]},{\"@type\":\"ImageObject\",\"inLanguage\":\"fr-FR\",\"@id\":\"https:\\\/\\\/www.vulcanrefractories.com\\\/fr\\\/about-vulcan\\\/sante-et-securite-chez-vulcan-refractories\\\/#primaryimage\",\"url\":\"https:\\\/\\\/www.vulcanrefractories.com\\\/wp-content\\\/uploads\\\/2025\\\/03\\\/20241216_075339-scaled.jpg\",\"contentUrl\":\"https:\\\/\\\/www.vulcanrefractories.com\\\/wp-content\\\/uploads\\\/2025\\\/03\\\/20241216_075339-scaled.jpg\",\"width\":1920,\"height\":2560},{\"@type\":\"BreadcrumbList\",\"@id\":\"https:\\\/\\\/www.vulcanrefractories.com\\\/fr\\\/about-vulcan\\\/sante-et-securite-chez-vulcan-refractories\\\/#breadcrumb\",\"itemListElement\":[{\"@type\":\"ListItem\",\"position\":1,\"name\":\"Home\",\"item\":\"https:\\\/\\\/www.vulcanrefractories.com\\\/fr\\\/\"},{\"@type\":\"ListItem\",\"position\":2,\"name\":\"\u00c0 PROPOS DE VULCAN\",\"item\":\"https:\\\/\\\/www.vulcanrefractories.com\\\/fr\\\/about-vulcan\\\/\"},{\"@type\":\"ListItem\",\"position\":3,\"name\":\"Sant\u00e9 et s\u00e9curit\u00e9 chez Vulcan Refractories\"}]},{\"@type\":\"WebSite\",\"@id\":\"https:\\\/\\\/www.vulcanrefractories.com\\\/fr\\\/#website\",\"url\":\"https:\\\/\\\/www.vulcanrefractories.com\\\/fr\\\/\",\"name\":\"Vulcan Refractories\",\"description\":\"High Quality Refractory Materials\",\"publisher\":{\"@id\":\"https:\\\/\\\/www.vulcanrefractories.com\\\/fr\\\/#organization\"},\"alternateName\":\"Vulcan Refractories\",\"potentialAction\":[{\"@type\":\"SearchAction\",\"target\":{\"@type\":\"EntryPoint\",\"urlTemplate\":\"https:\\\/\\\/www.vulcanrefractories.com\\\/fr\\\/?s={search_term_string}\"},\"query-input\":{\"@type\":\"PropertyValueSpecification\",\"valueRequired\":true,\"valueName\":\"search_term_string\"}}],\"inLanguage\":\"fr-FR\"},{\"@type\":\"Organization\",\"@id\":\"https:\\\/\\\/www.vulcanrefractories.com\\\/fr\\\/#organization\",\"name\":\"Vulcan Refractories\",\"alternateName\":\"Vulcan Refractories\",\"url\":\"https:\\\/\\\/www.vulcanrefractories.com\\\/fr\\\/\",\"logo\":{\"@type\":\"ImageObject\",\"inLanguage\":\"fr-FR\",\"@id\":\"https:\\\/\\\/www.vulcanrefractories.com\\\/fr\\\/#\\\/schema\\\/logo\\\/image\\\/\",\"url\":\"https:\\\/\\\/www.vulcanrefractories.com\\\/wp-content\\\/uploads\\\/2023\\\/10\\\/Untitled-design-2023-10-16T161000.101.png\",\"contentUrl\":\"https:\\\/\\\/www.vulcanrefractories.com\\\/wp-content\\\/uploads\\\/2023\\\/10\\\/Untitled-design-2023-10-16T161000.101.png\",\"width\":1080,\"height\":1080,\"caption\":\"Vulcan Refractories\"},\"image\":{\"@id\":\"https:\\\/\\\/www.vulcanrefractories.com\\\/fr\\\/#\\\/schema\\\/logo\\\/image\\\/\"}}]}<\/script>\n<!-- \/ Yoast SEO plugin. -->","yoast_head_json":{"title":"Sant\u00e9 et s\u00e9curit\u00e9 chez Vulcan Refractories | Vulcan Refractories","description":"Shop the range of high-performance refractory materials we supply here at Vulcan Refractories. Explore our Sant\u00e9 et s\u00e9curit\u00e9 chez Vulcan Refractories page further...","robots":{"index":"index","follow":"follow","max-snippet":"max-snippet:-1","max-image-preview":"max-image-preview:large","max-video-preview":"max-video-preview:-1"},"canonical":"https:\/\/www.vulcanrefractories.com\/fr\/about-vulcan\/sante-et-securite-chez-vulcan-refractories\/","og_locale":"fr_FR","og_type":"article","og_title":"Sant\u00e9 et s\u00e9curit\u00e9 chez Vulcan Refractories | Vulcan Refractories","og_description":"Shop the range of high-performance refractory materials we supply here at Vulcan Refractories. Explore our Sant\u00e9 et s\u00e9curit\u00e9 chez Vulcan Refractories page further...","og_url":"https:\/\/www.vulcanrefractories.com\/fr\/about-vulcan\/sante-et-securite-chez-vulcan-refractories\/","og_site_name":"Vulcan Refractories","og_image":[{"width":1920,"height":2560,"url":"https:\/\/www.vulcanrefractories.com\/wp-content\/uploads\/2025\/03\/20241216_075339-scaled.jpg","type":"image\/jpeg"}],"twitter_card":"summary_large_image","twitter_misc":{"Dur\u00e9e de lecture estim\u00e9e":"2 minutes"},"schema":{"@context":"https:\/\/schema.org","@graph":[{"@type":"WebPage","@id":"https:\/\/www.vulcanrefractories.com\/fr\/about-vulcan\/sante-et-securite-chez-vulcan-refractories\/","url":"https:\/\/www.vulcanrefractories.com\/fr\/about-vulcan\/sante-et-securite-chez-vulcan-refractories\/","name":"Sant\u00e9 et s\u00e9curit\u00e9 chez Vulcan Refractories | Vulcan Refractories","isPartOf":{"@id":"https:\/\/www.vulcanrefractories.com\/fr\/#website"},"primaryImageOfPage":{"@id":"https:\/\/www.vulcanrefractories.com\/fr\/about-vulcan\/sante-et-securite-chez-vulcan-refractories\/#primaryimage"},"image":{"@id":"https:\/\/www.vulcanrefractories.com\/fr\/about-vulcan\/sante-et-securite-chez-vulcan-refractories\/#primaryimage"},"thumbnailUrl":"https:\/\/www.vulcanrefractories.com\/wp-content\/uploads\/2025\/03\/20241216_075339-scaled.jpg","datePublished":"2025-03-19T14:38:33+00:00","description":"Shop the range of high-performance refractory materials we supply here at Vulcan Refractories. Explore our Sant\u00e9 et s\u00e9curit\u00e9 chez Vulcan Refractories page further...","breadcrumb":{"@id":"https:\/\/www.vulcanrefractories.com\/fr\/about-vulcan\/sante-et-securite-chez-vulcan-refractories\/#breadcrumb"},"inLanguage":"fr-FR","potentialAction":[{"@type":"ReadAction","target":["https:\/\/www.vulcanrefractories.com\/fr\/about-vulcan\/sante-et-securite-chez-vulcan-refractories\/"]}]},{"@type":"ImageObject","inLanguage":"fr-FR","@id":"https:\/\/www.vulcanrefractories.com\/fr\/about-vulcan\/sante-et-securite-chez-vulcan-refractories\/#primaryimage","url":"https:\/\/www.vulcanrefractories.com\/wp-content\/uploads\/2025\/03\/20241216_075339-scaled.jpg","contentUrl":"https:\/\/www.vulcanrefractories.com\/wp-content\/uploads\/2025\/03\/20241216_075339-scaled.jpg","width":1920,"height":2560},{"@type":"BreadcrumbList","@id":"https:\/\/www.vulcanrefractories.com\/fr\/about-vulcan\/sante-et-securite-chez-vulcan-refractories\/#breadcrumb","itemListElement":[{"@type":"ListItem","position":1,"name":"Home","item":"https:\/\/www.vulcanrefractories.com\/fr\/"},{"@type":"ListItem","position":2,"name":"\u00c0 PROPOS DE VULCAN","item":"https:\/\/www.vulcanrefractories.com\/fr\/about-vulcan\/"},{"@type":"ListItem","position":3,"name":"Sant\u00e9 et s\u00e9curit\u00e9 chez Vulcan Refractories"}]},{"@type":"WebSite","@id":"https:\/\/www.vulcanrefractories.com\/fr\/#website","url":"https:\/\/www.vulcanrefractories.com\/fr\/","name":"Vulcan Refractories","description":"High Quality Refractory Materials","publisher":{"@id":"https:\/\/www.vulcanrefractories.com\/fr\/#organization"},"alternateName":"Vulcan Refractories","potentialAction":[{"@type":"SearchAction","target":{"@type":"EntryPoint","urlTemplate":"https:\/\/www.vulcanrefractories.com\/fr\/?s={search_term_string}"},"query-input":{"@type":"PropertyValueSpecification","valueRequired":true,"valueName":"search_term_string"}}],"inLanguage":"fr-FR"},{"@type":"Organization","@id":"https:\/\/www.vulcanrefractories.com\/fr\/#organization","name":"Vulcan Refractories","alternateName":"Vulcan Refractories","url":"https:\/\/www.vulcanrefractories.com\/fr\/","logo":{"@type":"ImageObject","inLanguage":"fr-FR","@id":"https:\/\/www.vulcanrefractories.com\/fr\/#\/schema\/logo\/image\/","url":"https:\/\/www.vulcanrefractories.com\/wp-content\/uploads\/2023\/10\/Untitled-design-2023-10-16T161000.101.png","contentUrl":"https:\/\/www.vulcanrefractories.com\/wp-content\/uploads\/2023\/10\/Untitled-design-2023-10-16T161000.101.png","width":1080,"height":1080,"caption":"Vulcan Refractories"},"image":{"@id":"https:\/\/www.vulcanrefractories.com\/fr\/#\/schema\/logo\/image\/"}}]}},"_links":{"self":[{"href":"https:\/\/www.vulcanrefractories.com\/fr\/wp-json\/wp\/v2\/pages\/4929","targetHints":{"allow":["GET"]}}],"collection":[{"href":"https:\/\/www.vulcanrefractories.com\/fr\/wp-json\/wp\/v2\/pages"}],"about":[{"href":"https:\/\/www.vulcanrefractories.com\/fr\/wp-json\/wp\/v2\/types\/page"}],"author":[{"embeddable":true,"href":"https:\/\/www.vulcanrefractories.com\/fr\/wp-json\/wp\/v2\/users\/1"}],"replies":[{"embeddable":true,"href":"https:\/\/www.vulcanrefractories.com\/fr\/wp-json\/wp\/v2\/comments?post=4929"}],"version-history":[{"count":1,"href":"https:\/\/www.vulcanrefractories.com\/fr\/wp-json\/wp\/v2\/pages\/4929\/revisions"}],"predecessor-version":[{"id":5014,"href":"https:\/\/www.vulcanrefractories.com\/fr\/wp-json\/wp\/v2\/pages\/4929\/revisions\/5014"}],"up":[{"embeddable":true,"href":"https:\/\/www.vulcanrefractories.com\/fr\/wp-json\/wp\/v2\/pages\/1463"}],"wp:featuredmedia":[{"embeddable":true,"href":"https:\/\/www.vulcanrefractories.com\/fr\/wp-json\/wp\/v2\/media\/4988"}],"wp:attachment":[{"href":"https:\/\/www.vulcanrefractories.com\/fr\/wp-json\/wp\/v2\/media?parent=4929"}],"curies":[{"name":"wp","href":"https:\/\/api.w.org\/{rel}","templated":true}]}}