{"id":4016,"date":"2024-06-14T14:32:06","date_gmt":"2024-06-14T13:32:06","guid":{"rendered":"https:\/\/www.vulcanrefractories.com\/?page_id=4016"},"modified":"2024-07-31T17:58:47","modified_gmt":"2024-07-31T16:58:47","slug":"refractaires-personnalises","status":"publish","type":"page","link":"https:\/\/www.vulcanrefractories.com\/fr\/refractaires-personnalises\/","title":{"rendered":"R\u00e9fractaires personnalis\u00e9s"},"content":{"rendered":"","protected":false},"excerpt":{"rendered":"","protected":false},"author":1,"featured_media":0,"parent":0,"menu_order":80,"comment_status":"closed","ping_status":"closed","template":"","meta":{"_acf_changed":false},"class_list":["post-4016","page","type-page","status-publish","hentry"],"acf":[],"yoast_head":"<!-- This site is optimized with the Yoast SEO plugin v27.3 - https:\/\/yoast.com\/product\/yoast-seo-wordpress\/ -->\n<title>R\u00e9fractaires personnalis\u00e9s | Vulcan Refractories<\/title>\n<meta name=\"description\" content=\"Depuis des ann\u00e9es, nous produisons des produits r\u00e9fractaires sur mesure pour des entreprises du monde entier. Chacun est fabriqu\u00e9 pour r\u00e9pondre \u00e0 vos besoins de conception exacts, garantissant pr\u00e9cision et excellence.\" \/>\n<meta name=\"robots\" content=\"index, follow, max-snippet:-1, max-image-preview:large, max-video-preview:-1\" \/>\n<link rel=\"canonical\" href=\"https:\/\/www.vulcanrefractories.com\/fr\/refractaires-personnalises\/\" \/>\n<meta property=\"og:locale\" content=\"fr_FR\" \/>\n<meta property=\"og:type\" content=\"article\" \/>\n<meta property=\"og:title\" content=\"R\u00e9fractaires personnalis\u00e9s | Vulcan Refractories\" \/>\n<meta property=\"og:description\" content=\"Depuis des ann\u00e9es, nous produisons des produits r\u00e9fractaires sur mesure pour des entreprises du monde entier. Chacun est fabriqu\u00e9 pour r\u00e9pondre \u00e0 vos besoins de conception exacts, garantissant pr\u00e9cision et excellence.\" \/>\n<meta property=\"og:url\" content=\"https:\/\/www.vulcanrefractories.com\/fr\/refractaires-personnalises\/\" \/>\n<meta property=\"og:site_name\" content=\"Vulcan Refractories\" \/>\n<meta property=\"article:modified_time\" content=\"2024-07-31T16:58:47+00:00\" \/>\n<meta property=\"og:image\" content=\"https:\/\/www.vulcanrefractories.com\/wp-content\/uploads\/2019\/06\/logo-vulcan.png\" \/>\n\t<meta property=\"og:image:width\" content=\"310\" \/>\n\t<meta property=\"og:image:height\" content=\"205\" \/>\n\t<meta property=\"og:image:type\" content=\"image\/png\" \/>\n<meta name=\"twitter:card\" content=\"summary_large_image\" \/>\n<script type=\"application\/ld+json\" class=\"yoast-schema-graph\">{\"@context\":\"https:\\\/\\\/schema.org\",\"@graph\":[{\"@type\":\"WebPage\",\"@id\":\"https:\\\/\\\/www.vulcanrefractories.com\\\/fr\\\/refractaires-personnalises\\\/\",\"url\":\"https:\\\/\\\/www.vulcanrefractories.com\\\/fr\\\/refractaires-personnalises\\\/\",\"name\":\"R\u00e9fractaires personnalis\u00e9s | Vulcan Refractories\",\"isPartOf\":{\"@id\":\"https:\\\/\\\/www.vulcanrefractories.com\\\/fr\\\/#website\"},\"datePublished\":\"2024-06-14T13:32:06+00:00\",\"dateModified\":\"2024-07-31T16:58:47+00:00\",\"description\":\"Depuis des ann\u00e9es, nous produisons des produits r\u00e9fractaires sur mesure pour des entreprises du monde entier. Chacun est fabriqu\u00e9 pour r\u00e9pondre \u00e0 vos besoins de conception exacts, garantissant pr\u00e9cision et excellence.\",\"breadcrumb\":{\"@id\":\"https:\\\/\\\/www.vulcanrefractories.com\\\/fr\\\/refractaires-personnalises\\\/#breadcrumb\"},\"inLanguage\":\"fr-FR\",\"potentialAction\":[{\"@type\":\"ReadAction\",\"target\":[\"https:\\\/\\\/www.vulcanrefractories.com\\\/fr\\\/refractaires-personnalises\\\/\"]}]},{\"@type\":\"BreadcrumbList\",\"@id\":\"https:\\\/\\\/www.vulcanrefractories.com\\\/fr\\\/refractaires-personnalises\\\/#breadcrumb\",\"itemListElement\":[{\"@type\":\"ListItem\",\"position\":1,\"name\":\"Home\",\"item\":\"https:\\\/\\\/www.vulcanrefractories.com\\\/fr\\\/\"},{\"@type\":\"ListItem\",\"position\":2,\"name\":\"R\u00e9fractaires personnalis\u00e9s\"}]},{\"@type\":\"WebSite\",\"@id\":\"https:\\\/\\\/www.vulcanrefractories.com\\\/fr\\\/#website\",\"url\":\"https:\\\/\\\/www.vulcanrefractories.com\\\/fr\\\/\",\"name\":\"Vulcan Refractories\",\"description\":\"High Quality Refractory Materials\",\"publisher\":{\"@id\":\"https:\\\/\\\/www.vulcanrefractories.com\\\/fr\\\/#organization\"},\"alternateName\":\"Vulcan Refractories\",\"potentialAction\":[{\"@type\":\"SearchAction\",\"target\":{\"@type\":\"EntryPoint\",\"urlTemplate\":\"https:\\\/\\\/www.vulcanrefractories.com\\\/fr\\\/?s={search_term_string}\"},\"query-input\":{\"@type\":\"PropertyValueSpecification\",\"valueRequired\":true,\"valueName\":\"search_term_string\"}}],\"inLanguage\":\"fr-FR\"},{\"@type\":\"Organization\",\"@id\":\"https:\\\/\\\/www.vulcanrefractories.com\\\/fr\\\/#organization\",\"name\":\"Vulcan Refractories\",\"alternateName\":\"Vulcan Refractories\",\"url\":\"https:\\\/\\\/www.vulcanrefractories.com\\\/fr\\\/\",\"logo\":{\"@type\":\"ImageObject\",\"inLanguage\":\"fr-FR\",\"@id\":\"https:\\\/\\\/www.vulcanrefractories.com\\\/fr\\\/#\\\/schema\\\/logo\\\/image\\\/\",\"url\":\"https:\\\/\\\/www.vulcanrefractories.com\\\/wp-content\\\/uploads\\\/2023\\\/10\\\/Untitled-design-2023-10-16T161000.101.png\",\"contentUrl\":\"https:\\\/\\\/www.vulcanrefractories.com\\\/wp-content\\\/uploads\\\/2023\\\/10\\\/Untitled-design-2023-10-16T161000.101.png\",\"width\":1080,\"height\":1080,\"caption\":\"Vulcan Refractories\"},\"image\":{\"@id\":\"https:\\\/\\\/www.vulcanrefractories.com\\\/fr\\\/#\\\/schema\\\/logo\\\/image\\\/\"}}]}<\/script>\n<!-- \/ Yoast SEO plugin. -->","yoast_head_json":{"title":"R\u00e9fractaires personnalis\u00e9s | Vulcan Refractories","description":"Depuis des ann\u00e9es, nous produisons des produits r\u00e9fractaires sur mesure pour des entreprises du monde entier. Chacun est fabriqu\u00e9 pour r\u00e9pondre \u00e0 vos besoins de conception exacts, garantissant pr\u00e9cision et excellence.","robots":{"index":"index","follow":"follow","max-snippet":"max-snippet:-1","max-image-preview":"max-image-preview:large","max-video-preview":"max-video-preview:-1"},"canonical":"https:\/\/www.vulcanrefractories.com\/fr\/refractaires-personnalises\/","og_locale":"fr_FR","og_type":"article","og_title":"R\u00e9fractaires personnalis\u00e9s | Vulcan Refractories","og_description":"Depuis des ann\u00e9es, nous produisons des produits r\u00e9fractaires sur mesure pour des entreprises du monde entier. Chacun est fabriqu\u00e9 pour r\u00e9pondre \u00e0 vos besoins de conception exacts, garantissant pr\u00e9cision et excellence.","og_url":"https:\/\/www.vulcanrefractories.com\/fr\/refractaires-personnalises\/","og_site_name":"Vulcan Refractories","article_modified_time":"2024-07-31T16:58:47+00:00","og_image":[{"width":310,"height":205,"url":"https:\/\/www.vulcanrefractories.com\/wp-content\/uploads\/2019\/06\/logo-vulcan.png","type":"image\/png"}],"twitter_card":"summary_large_image","schema":{"@context":"https:\/\/schema.org","@graph":[{"@type":"WebPage","@id":"https:\/\/www.vulcanrefractories.com\/fr\/refractaires-personnalises\/","url":"https:\/\/www.vulcanrefractories.com\/fr\/refractaires-personnalises\/","name":"R\u00e9fractaires personnalis\u00e9s | Vulcan Refractories","isPartOf":{"@id":"https:\/\/www.vulcanrefractories.com\/fr\/#website"},"datePublished":"2024-06-14T13:32:06+00:00","dateModified":"2024-07-31T16:58:47+00:00","description":"Depuis des ann\u00e9es, nous produisons des produits r\u00e9fractaires sur mesure pour des entreprises du monde entier. Chacun est fabriqu\u00e9 pour r\u00e9pondre \u00e0 vos besoins de conception exacts, garantissant pr\u00e9cision et excellence.","breadcrumb":{"@id":"https:\/\/www.vulcanrefractories.com\/fr\/refractaires-personnalises\/#breadcrumb"},"inLanguage":"fr-FR","potentialAction":[{"@type":"ReadAction","target":["https:\/\/www.vulcanrefractories.com\/fr\/refractaires-personnalises\/"]}]},{"@type":"BreadcrumbList","@id":"https:\/\/www.vulcanrefractories.com\/fr\/refractaires-personnalises\/#breadcrumb","itemListElement":[{"@type":"ListItem","position":1,"name":"Home","item":"https:\/\/www.vulcanrefractories.com\/fr\/"},{"@type":"ListItem","position":2,"name":"R\u00e9fractaires personnalis\u00e9s"}]},{"@type":"WebSite","@id":"https:\/\/www.vulcanrefractories.com\/fr\/#website","url":"https:\/\/www.vulcanrefractories.com\/fr\/","name":"Vulcan Refractories","description":"High Quality Refractory Materials","publisher":{"@id":"https:\/\/www.vulcanrefractories.com\/fr\/#organization"},"alternateName":"Vulcan Refractories","potentialAction":[{"@type":"SearchAction","target":{"@type":"EntryPoint","urlTemplate":"https:\/\/www.vulcanrefractories.com\/fr\/?s={search_term_string}"},"query-input":{"@type":"PropertyValueSpecification","valueRequired":true,"valueName":"search_term_string"}}],"inLanguage":"fr-FR"},{"@type":"Organization","@id":"https:\/\/www.vulcanrefractories.com\/fr\/#organization","name":"Vulcan Refractories","alternateName":"Vulcan Refractories","url":"https:\/\/www.vulcanrefractories.com\/fr\/","logo":{"@type":"ImageObject","inLanguage":"fr-FR","@id":"https:\/\/www.vulcanrefractories.com\/fr\/#\/schema\/logo\/image\/","url":"https:\/\/www.vulcanrefractories.com\/wp-content\/uploads\/2023\/10\/Untitled-design-2023-10-16T161000.101.png","contentUrl":"https:\/\/www.vulcanrefractories.com\/wp-content\/uploads\/2023\/10\/Untitled-design-2023-10-16T161000.101.png","width":1080,"height":1080,"caption":"Vulcan Refractories"},"image":{"@id":"https:\/\/www.vulcanrefractories.com\/fr\/#\/schema\/logo\/image\/"}}]}},"_links":{"self":[{"href":"https:\/\/www.vulcanrefractories.com\/fr\/wp-json\/wp\/v2\/pages\/4016","targetHints":{"allow":["GET"]}}],"collection":[{"href":"https:\/\/www.vulcanrefractories.com\/fr\/wp-json\/wp\/v2\/pages"}],"about":[{"href":"https:\/\/www.vulcanrefractories.com\/fr\/wp-json\/wp\/v2\/types\/page"}],"author":[{"embeddable":true,"href":"https:\/\/www.vulcanrefractories.com\/fr\/wp-json\/wp\/v2\/users\/1"}],"replies":[{"embeddable":true,"href":"https:\/\/www.vulcanrefractories.com\/fr\/wp-json\/wp\/v2\/comments?post=4016"}],"version-history":[{"count":4,"href":"https:\/\/www.vulcanrefractories.com\/fr\/wp-json\/wp\/v2\/pages\/4016\/revisions"}],"predecessor-version":[{"id":4152,"href":"https:\/\/www.vulcanrefractories.com\/fr\/wp-json\/wp\/v2\/pages\/4016\/revisions\/4152"}],"wp:attachment":[{"href":"https:\/\/www.vulcanrefractories.com\/fr\/wp-json\/wp\/v2\/media?parent=4016"}],"curies":[{"name":"wp","href":"https:\/\/api.w.org\/{rel}","templated":true}]}}